{"id":882,"date":"2018-05-29T11:12:41","date_gmt":"2018-05-29T11:12:41","guid":{"rendered":"http:\/\/xtratheme.com\/default\/?page_id=11"},"modified":"2022-06-09T03:14:54","modified_gmt":"2022-06-09T03:14:54","slug":"servicios","status":"publish","type":"page","link":"https:\/\/transportedelgado.com\/sitio\/servicios\/","title":{"rendered":"Servicios"},"content":{"rendered":"<section class=\"wpb-content-wrapper\"><p>[vc_row][vc_column width=\u00bb1\/6&#8243;][\/vc_column][vc_column width=\u00bb2\/3&#8243;]<div id=\"cz_73602\" class=\"cz_73602 cz_title clr cz_smart_fs cz_title_pos_inline tac\"><div class=\"cz_title_content\"><span class=\"cz_line_side_solo\">_<\/span><div class=\"cz_wpe_content\"><h3 style=\"text-align: center;\"><span style=\"font-size: 32px;\"><span style=\"color: #ec1e24;\">Nuestros <\/span>Servicios<\/span><\/h3>\n<p style=\"text-align: center;\"><span style=\"font-size: 18px; color: #666666;\">Transporte Delgado, C.A.<\/span><\/p>\n<\/div><span class=\"cz_line_side_solo cz_line_side_after\">_<\/span><\/div><\/div><div id=\"cz_44339\" class=\"cz_44339 cz_title clr cz_title_pos_inline tac\"><div class=\"cz_title_content\"><div class=\"cz_wpe_content\"><p style=\"text-align: center;\"><span style=\"font-size: 16px; color: #666666;\">Como resultado de nuestros a\u00f1os de experiencia, hemos ido detectando y clasificando las necesidades de las empresas en el traslado de sus distintos tipos de mercanc\u00eda, es por ello que les ofrecemos los siguientes servicios:<\/span><\/p>\n<\/div><\/div><\/div><div class=\"cz_gap clr \" style=\"height: 50px\"><\/div>[\/vc_column][vc_column width=\u00bb1\/6&#8243;][\/vc_column][\/vc_row][vc_row css=\u00bb.vc_custom_1547671333309{background-position: center !important;background-repeat: no-repeat !important;background-size: cover !important;}\u00bb][vc_column offset=\u00bbvc_col-md-4&#8243;]<div class=\"cz_eqh cz_content_box_parent_fx  \"><div id=\"cz_24470\" class=\"cz_24470 cz_content_box clr hide_on_tablet hide_on_mobile show_on_desktop\"><div class=\"cz_box_front clr\"><div class=\"cz_box_front_inner clr \"><span><\/span><div><div id=\"cz_107865\" class=\"cz_107865 cz_title clr cz_title_pos_inline\"><div class=\"cz_title_content\"><div class=\"cz_wpe_content\"><h3><span style=\"font-size: 26px; color: #ffffff;\">Cont\u00e1ctenos<\/span><\/h3>\n<p><span style=\"color: #ffffff;\"><span style=\"font-size: 18px;\">Aclare sus dudas.<\/span><\/span><\/p>\n<\/div><\/div><\/div><div class=\"cz_gap clr \" style=\"height: 25px\"><\/div><div id=\"cz_48206\" class=\"cz_48206 cz_cf7 clr\"><div>\n<div class=\"wpcf7 no-js\" id=\"wpcf7-f1783-o1\" lang=\"es-VE\" dir=\"ltr\" data-wpcf7-id=\"1783\">\n<div class=\"screen-reader-response\"><p role=\"status\" aria-live=\"polite\" aria-atomic=\"true\"><\/p> <ul><\/ul><\/div>\n<form action=\"\/sitio\/wp-json\/wp\/v2\/pages\/882#wpcf7-f1783-o1\" method=\"post\" class=\"wpcf7-form init\" aria-label=\"Formulario de contacto\" novalidate=\"novalidate\" data-status=\"init\">\n<fieldset class=\"hidden-fields-container\"><input type=\"hidden\" name=\"_wpcf7\" value=\"1783\" \/><input type=\"hidden\" name=\"_wpcf7_version\" value=\"6.1.5\" \/><input type=\"hidden\" name=\"_wpcf7_locale\" value=\"es_VE\" \/><input type=\"hidden\" name=\"_wpcf7_unit_tag\" value=\"wpcf7-f1783-o1\" \/><input type=\"hidden\" name=\"_wpcf7_container_post\" value=\"0\" \/><input type=\"hidden\" name=\"_wpcf7_posted_data_hash\" value=\"\" \/>\n<\/fieldset>\n<p><label> Nombre<br \/>\n<span class=\"wpcf7-form-control-wrap\" data-name=\"your-name\"><input size=\"40\" maxlength=\"400\" class=\"wpcf7-form-control wpcf7-text wpcf7-validates-as-required\" aria-required=\"true\" aria-invalid=\"false\" value=\"\" type=\"text\" name=\"your-name\" \/><\/span> <\/label>\n<\/p>\n<p><label> Tel\u00e9fono<br \/>\n<span class=\"wpcf7-form-control-wrap\" data-name=\"numero\"><input size=\"40\" maxlength=\"400\" class=\"wpcf7-form-control wpcf7-tel wpcf7-validates-as-required wpcf7-text wpcf7-validates-as-tel\" aria-required=\"true\" aria-invalid=\"false\" value=\"\" type=\"tel\" name=\"numero\" \/><\/span> <\/label>\n<\/p>\n<p><label> Correo<br \/>\n<span class=\"wpcf7-form-control-wrap\" data-name=\"your-email\"><input size=\"40\" maxlength=\"400\" class=\"wpcf7-form-control wpcf7-email wpcf7-validates-as-required wpcf7-text wpcf7-validates-as-email\" aria-required=\"true\" aria-invalid=\"false\" value=\"\" type=\"email\" name=\"your-email\" \/><\/span> <\/label>\n<\/p>\n<p><label> Tipo de servicio<br \/>\n<span class=\"wpcf7-form-control-wrap\" data-name=\"menu-559\"><select class=\"wpcf7-form-control wpcf7-select wpcf7-validates-as-required\" aria-required=\"true\" aria-invalid=\"false\" name=\"menu-559\"><option value=\"Transporte de Alimentos\">Transporte de Alimentos<\/option><option value=\"Carga de sustancias qu\u00edmicas\">Carga de sustancias qu\u00edmicas<\/option><option value=\"Carga en General\">Carga en General<\/option><option value=\"Traslado de Contenedores\">Traslado de Contenedores<\/option><option value=\"Traslado de Isotanques\">Traslado de Isotanques<\/option><\/select><\/span> <\/label>\n<\/p>\n<p><label> Empresa<br \/>\n<span class=\"wpcf7-form-control-wrap\" data-name=\"your-empresa\"><input size=\"40\" maxlength=\"400\" class=\"wpcf7-form-control wpcf7-text wpcf7-validates-as-required\" aria-required=\"true\" aria-invalid=\"false\" value=\"\" type=\"text\" name=\"your-empresa\" \/><\/span> <\/label>\n<\/p>\n<p><label> Asunto<br \/>\n<span class=\"wpcf7-form-control-wrap\" data-name=\"your-subject\"><input size=\"40\" maxlength=\"400\" class=\"wpcf7-form-control wpcf7-text\" aria-invalid=\"false\" value=\"\" type=\"text\" name=\"your-subject\" \/><\/span> <\/label>\n<\/p>\n<p><label> Mensaje<br \/>\n<span class=\"wpcf7-form-control-wrap\" data-name=\"your-message\"><textarea cols=\"40\" rows=\"10\" maxlength=\"2000\" class=\"wpcf7-form-control wpcf7-textarea\" aria-invalid=\"false\" name=\"your-message\"><\/textarea><\/span> <\/label>\n<\/p>\n<div id=\"cf7sr-6a05cf6e55998\" class=\"cf7sr-g-recaptcha\" data-theme=\"light\" data-type=\"image\" data-size=\"normal\" data-sitekey=\"6LcqDeAeAAAAAAMEfpb2_1EFoR6Gd8bxaIg9J8T1\"><\/div><span class=\"wpcf7-form-control-wrap cf7sr-recaptcha\" data-name=\"cf7sr-recaptcha\"><input type=\"hidden\" name=\"cf7sr-recaptcha\" value=\"\" class=\"wpcf7-form-control\"><\/span>\n<\/p>\n<p><input class=\"wpcf7-form-control wpcf7-submit has-spinner\" type=\"submit\" value=\"Enviar\" \/>\n<\/p><div class=\"wpcf7-response-output\" aria-hidden=\"true\"><\/div>\n<\/form>\n<\/div>\n<\/div><\/div><\/div><\/div><\/div><\/div><\/div>[\/vc_column][vc_column offset=\u00bbvc_col-md-8&#8243;]<div id=\"cz_97314\" data-arrows='{\"open\":\"fa czico-125-add-song\",\"close\":\"fa fa-minus\"}' class=\"cz_97314 cz_acc clr cz_acc_toggle cz_acc_first_open\"><div><div id=\"\"><span class=\"cz_acc_child\"><i class=\"cz-acc-i cz-acc-icon fa fa-check-circle\" style=\"color:#ec1e24;\"><\/i><div>Transporte de Alimentos<\/div><\/span><div class=\"cz_acc_child_content clr\"><div id=\"cz_18975\" class=\"cz_18975 cz_title clr cz_title_pos_inline\"><div class=\"cz_title_content\"><div class=\"cz_wpe_content\"><p>Contamos con el permiso sanitario necesario para el transporte de alimentos.<\/p>\n<\/div><\/div><\/div><ul id=\"cz_25470\" class=\"cz_25470 cz_stylish_list clr cz_sl_icon_hover_zoom_in\"><li class=\"clr\"><div class=\"cz_sl_icon\"><i class=\"fa czico-072-check-mark mr10\"><\/i><\/div><div><span>Mercanc\u00eda Paletizada<\/span><\/div><\/li><li class=\"clr\"><div class=\"cz_sl_icon\"><i class=\"fa czico-072-check-mark mr10\"><\/i><\/div><div><span>En Sacos<\/span><\/div><\/li><li class=\"clr\"><div class=\"cz_sl_icon\"><i class=\"fa czico-072-check-mark mr10\"><\/i><\/div><div><span>En Cajas<\/span><\/div><\/li><\/ul><\/div><\/div><div id=\"\"><span class=\"cz_acc_child\"><i class=\"cz-acc-i cz-acc-icon fa fa-check-circle\" style=\"color:#ec1e24;\"><\/i><div>Transporte de Carga Terrestre de Sustancias Peligrosas<\/div><\/span><div class=\"cz_acc_child_content clr\"><ul id=\"cz_85498\" class=\"cz_85498 cz_stylish_list clr cz_sl_icon_hover_zoom_in\"><li class=\"clr\"><div class=\"cz_sl_icon\"><i class=\"fa czico-072-check-mark mr10\"><\/i><\/div><div><span>\u00c1cido B\u00f3rico<\/span><\/div><\/li><li class=\"clr\"><div class=\"cz_sl_icon\"><i class=\"fa czico-072-check-mark mr10\"><\/i><\/div><div><span>\u00c1cido c\u00edtrico<\/span><\/div><\/li><li class=\"clr\"><div class=\"cz_sl_icon\"><i class=\"fa czico-072-check-mark mr10\"><\/i><\/div><div><span>\u00c1cido Clorh\u00eddrico<\/span><\/div><\/li><li class=\"clr\"><div class=\"cz_sl_icon\"><i class=\"fa czico-072-check-mark mr10\"><\/i><\/div><div><span>\u00c1cido L\u00e1ctico<\/span><\/div><\/li><li class=\"clr\"><div class=\"cz_sl_icon\"><i class=\"fa czico-072-check-mark mr10\"><\/i><\/div><div><span>Alcohol Et\u00edlico<\/span><\/div><\/li><li class=\"clr\"><div class=\"cz_sl_icon\"><i class=\"fa czico-072-check-mark mr10\"><\/i><\/div><div><span>Alcohol Isoprop\u00edlico<\/span><\/div><\/li><li class=\"clr\"><div class=\"cz_sl_icon\"><i class=\"fa czico-072-check-mark mr10\"><\/i><\/div><div><span>Amarello CP 443088 D<\/span><\/div><\/li><li class=\"clr\"><div class=\"cz_sl_icon\"><i class=\"fa czico-072-check-mark mr10\"><\/i><\/div><div><span>CDB 90 (\u00c1cido tricloro isocian\u00farico)<\/span><\/div><\/li><li class=\"clr\"><div class=\"cz_sl_icon\"><i class=\"fa czico-072-check-mark mr10\"><\/i><\/div><div><span>Cherub CP 147 537 BMX<\/span><\/div><\/li><li class=\"clr\"><div class=\"cz_sl_icon\"><i class=\"fa czico-072-check-mark mr10\"><\/i><\/div><div><span>Cilime<\/span><\/div><\/li><li class=\"clr\"><div class=\"cz_sl_icon\"><i class=\"fa czico-072-check-mark mr10\"><\/i><\/div><div><span>Dequest 2000<\/span><\/div><\/li><li class=\"clr\"><div class=\"cz_sl_icon\"><i class=\"fa czico-072-check-mark mr10\"><\/i><\/div><div><span>Formaldehido Soluci\u00f3n<\/span><\/div><\/li><li class=\"clr\"><div class=\"cz_sl_icon\"><i class=\"fa czico-072-check-mark mr10\"><\/i><\/div><div><span>Hidr\u00f3xido de Magnesio<\/span><\/div><\/li><li class=\"clr\"><div class=\"cz_sl_icon\"><i class=\"fa czico-072-check-mark mr10\"><\/i><\/div><div><span>Hipoclorito de Sodio 12.5%<\/span><\/div><\/li><li class=\"clr\"><div class=\"cz_sl_icon\"><i class=\"fa czico-072-check-mark mr10\"><\/i><\/div><div><span>Interview CP 146101E<\/span><\/div><\/li><li class=\"clr\"><div class=\"cz_sl_icon\"><i class=\"fa czico-072-check-mark mr10\"><\/i><\/div><div><span>Kolinos Super White<\/span><\/div><\/li><li class=\"clr\"><div class=\"cz_sl_icon\"><i class=\"fa czico-072-check-mark mr10\"><\/i><\/div><div><span>Methocel<\/span><\/div><\/li><li class=\"clr\"><div class=\"cz_sl_icon\"><i class=\"fa czico-072-check-mark mr10\"><\/i><\/div><div><span>Neodol 91-2.5<\/span><\/div><\/li><li class=\"clr\"><div class=\"cz_sl_icon\"><i class=\"fa czico-072-check-mark mr10\"><\/i><\/div><div><span>Nevex Cloro<\/span><\/div><\/li><li class=\"clr\"><div class=\"cz_sl_icon\"><i class=\"fa czico-072-check-mark mr10\"><\/i><\/div><div><span>Perborato S\u00f3dico<\/span><\/div><\/li><li class=\"clr\"><div class=\"cz_sl_icon\"><i class=\"fa czico-072-check-mark mr10\"><\/i><\/div><div><span>Perfume Kasimbo<\/span><\/div><\/li><\/ul><\/div><\/div><div id=\"\"><span class=\"cz_acc_child\"><i class=\"cz-acc-i cz-acc-icon fa fa-check-circle\" style=\"color:#ec1e24;\"><\/i><div>Transporte de Carga Terrestre en general<\/div><\/span><div class=\"cz_acc_child_content clr\"><ul id=\"cz_35530\" class=\"cz_35530 cz_stylish_list clr cz_sl_icon_hover_zoom_in\"><li class=\"clr\"><div class=\"cz_sl_icon\"><i class=\"fa czico-072-check-mark mr10\"><\/i><\/div><div><span>Producto Terminado<\/span><\/div><\/li><li class=\"clr\"><div class=\"cz_sl_icon\"><i class=\"fa czico-072-check-mark mr10\"><\/i><\/div><div><span>Materia prima (Envases Pl\u00e1sticos, paletas, corrugado, tubos, moldes, cajas, etiquetas, muestras, tapas, etc)<\/span><\/div><\/li><li class=\"clr\"><div class=\"cz_sl_icon\"><i class=\"fa czico-072-check-mark mr10\"><\/i><\/div><div><span>Maquinaria Pesada<\/span><\/div><\/li><li class=\"clr\"><div class=\"cz_sl_icon\"><i class=\"fa czico-072-check-mark mr10\"><\/i><\/div><div><span>Maquinaria varios<\/span><\/div><\/li><\/ul><\/div><\/div><div id=\"\"><span class=\"cz_acc_child\"><i class=\"cz-acc-i cz-acc-icon fa fa-check-circle\" style=\"color:#ec1e24;\"><\/i><div>Traslado de Contenedores<\/div><\/span><div class=\"cz_acc_child_content clr\"><ul id=\"cz_80137\" class=\"cz_80137 cz_stylish_list clr cz_sl_icon_hover_zoom_in\"><li class=\"clr\"><div class=\"cz_sl_icon\"><i class=\"fa czico-072-check-mark mr10\"><\/i><\/div><div><span>Vac\u00edos y llenos de 20'' y 40''<\/span><\/div><\/li><\/ul><\/div><\/div><div id=\"\"><span class=\"cz_acc_child\"><i class=\"cz-acc-i cz-acc-icon fa fa-check-circle\" style=\"color:#ec1e24;\"><\/i><div>Traslado de Isotanques<\/div><\/span><div class=\"cz_acc_child_content clr\"><\/div><\/div><div id=\"\"><span class=\"cz_acc_child\"><i class=\"cz-acc-i cz-acc-icon fa fa-check-circle\" style=\"color:#ec1e24;\"><\/i><div>Ofrecemos servicio de caleta<\/div><\/span><div class=\"cz_acc_child_content clr\"><div id=\"cz_106283\" class=\"cz_106283 cz_title clr cz_title_pos_inline\"><div class=\"cz_title_content\"><div class=\"cz_wpe_content\"><p>Carga y descarga paletizada de mercanc\u00eda, asignando personal capacitado directamente en su compa\u00f1\u00eda.<\/p>\n<\/div><\/div><\/div><\/div><\/div><\/div><\/div>[\/vc_column][\/vc_row][vc_row][vc_column]<div class=\"cz_gap clr \" style=\"height: 80px\"><\/div>[\/vc_column][\/vc_row][vc_row full_width=\u00bbstretch_row\u00bb css=\u00bb.vc_custom_1540323900488{padding-top: 30px !important;padding-bottom: 30px !important;background-color: #212121 !important;}\u00bb][vc_column]<div id=\"cz_35140\" class=\"cz_35140 cz_title clr cz_smart_fs cz_mobile_text_center cz_title_has_icon cz_title_pos_inline tac\"><div class=\"cz_title_content\"><span class=\"cz_title_icon_before cz_title_image\"><img loading=\"lazy\" decoding=\"async\" width=\"70\" height=\"70\" src=\"https:\/\/transportedelgado.com\/sitio\/wp-content\/uploads\/2019\/01\/gps-70x70-b.png\" class=\"attachment-thumbnail\" alt=\"Rastreo satelital transporte delgado\" title=\"Rastreo satelital transporte delgado\" \/><\/span><div class=\"cz_wpe_content\"><div class=\"cmsmasters_text\">\n<h3 style=\"text-align: center;\"><span style=\"font-size: 38px; color: #ffffff;\">Monitoreo Satelital y <span style=\"color: #ec1e24;\">Rastreo de Carga<\/span><\/span><\/h3>\n<\/div>\n<\/div><\/div><\/div>[\/vc_column][\/vc_row][vc_row full_width=\u00bbstretch_row_content_no_spaces\u00bb equal_height=\u00bbyes\u00bb content_placement=\u00bbmiddle\u00bb][vc_column width=\u00bb1\/2&#8243; css=\u00bb.vc_custom_1547668665258{background-color: #f2f2f2 !important;}\u00bb]<div class=\"cz_gap clr \" style=\"height: 100px\"><\/div><div id=\"cz_84501\" class=\"cz_84501 cz_title clr cz_title_pos_inline tac\"><div class=\"cz_title_content\"><div class=\"cz_wpe_content\"><h3 style=\"text-align: center;\"><span style=\"font-size: 28px;\">Tipos de Unidades<\/span><\/h3>\n<\/div><\/div><\/div><div class=\"cz_gap clr \" style=\"height: 25px\"><\/div>[vc_row_inner][vc_column_inner width=\u00bb1\/6&#8243;][\/vc_column_inner][vc_column_inner width=\u00bb2\/3&#8243;]<ul id=\"cz_68984\" class=\"cz_68984 cz_stylish_list clr cz_sl_icon_hover_zoom_in\"><li class=\"clr\"><div class=\"cz_sl_icon\"><i class=\"fa czico-072-check-mark mr10\"><\/i><\/div><div><span>Camiones 750 (Cavas y Plataformas)<\/span><\/div><\/li><li class=\"clr\"><div class=\"cz_sl_icon\"><i class=\"fa czico-072-check-mark mr10\"><\/i><\/div><div><span>Gandolas (Iveco, Kodiak, Cargo Ford 3432 \/ 3940)<\/span><\/div><\/li><\/ul>[\/vc_column_inner][vc_column_inner width=\u00bb1\/6&#8243;][\/vc_column_inner][\/vc_row_inner]<div class=\"cz_gap clr \" style=\"height: 100px\"><\/div>[\/vc_column][vc_column width=\u00bb1\/2&#8243; css=\u00bb.vc_custom_1547668684746{background-color: #e8e8e8 !important;}\u00bb]<div class=\"cz_gap clr \" style=\"height: 100px\"><\/div><div id=\"cz_37383\" class=\"cz_37383 cz_title clr cz_title_pos_inline tac\"><div class=\"cz_title_content\"><div class=\"cz_wpe_content\"><h3 style=\"text-align: center;\"><span style=\"font-size: 28px;\">Equipos<\/span><\/h3>\n<\/div><\/div><\/div><div class=\"cz_gap clr \" style=\"height: 25px\"><\/div>[vc_row_inner][vc_column_inner width=\u00bb1\/3&#8243;][\/vc_column_inner][vc_column_inner width=\u00bb1\/3&#8243;]<ul id=\"cz_103102\" class=\"cz_103102 cz_stylish_list clr cz_sl_icon_hover_zoom_in\"><li class=\"clr\"><div class=\"cz_sl_icon\"><i class=\"fa czico-072-check-mark mr10\"><\/i><\/div><div><span>Taras de 20\u201d y 40\u201d<\/span><\/div><\/li><li class=\"clr\"><div class=\"cz_sl_icon\"><i class=\"fa czico-072-check-mark mr10\"><\/i><\/div><div><span>Bateas<\/span><\/div><\/li><li class=\"clr\"><div class=\"cz_sl_icon\"><i class=\"fa czico-072-check-mark mr10\"><\/i><\/div><div><span>Furgone \/ Cavas<\/span><\/div><\/li><li class=\"clr\"><div class=\"cz_sl_icon\"><i class=\"fa czico-072-check-mark mr10\"><\/i><\/div><div><span>Cortinero<\/span><\/div><\/li><\/ul>[\/vc_column_inner][vc_column_inner width=\u00bb1\/3&#8243;][\/vc_column_inner][\/vc_row_inner]<div class=\"cz_gap clr \" style=\"height: 100px\"><\/div>[\/vc_column][\/vc_row]<\/p>\n<\/section>","protected":false},"excerpt":{"rendered":"<p>[vc_row][vc_column width=\u00bb1\/6&#8243;][\/vc_column][vc_column width=\u00bb2\/3&#8243;][\/vc_column][vc_column width=\u00bb1\/6&#8243;][\/vc_column][\/vc_row][vc_row css=\u00bb.vc_custom_1547671333309{background-position: center !important;background-repeat: no-repeat !important;background-size: cover !important;}\u00bb][vc_column &#8230; <\/p>\n","protected":false},"author":3,"featured_media":0,"parent":0,"menu_order":0,"comment_status":"closed","ping_status":"closed","template":"","meta":{"footnotes":""},"class_list":["post-882","page","type-page","status-publish","hentry"],"yoast_head":"<!-- This site is optimized with the Yoast SEO plugin v27.6 - https:\/\/yoast.com\/product\/yoast-seo-wordpress\/ -->\n<title>Transporte Delgado, C.A. - Servicios | Transporte de Carga<\/title>\n<meta name=\"description\" content=\"Les ofrecemos transporte de carga terrestre en general, sustancias peligrosas, contenedores, isotanques, alimentos.\" \/>\n<meta name=\"robots\" content=\"index, follow, max-snippet:-1, max-image-preview:large, max-video-preview:-1\" \/>\n<link rel=\"canonical\" href=\"https:\/\/transportedelgado.com\/sitio\/servicios\/\" \/>\n<meta property=\"og:locale\" content=\"es_ES\" \/>\n<meta property=\"og:type\" content=\"article\" \/>\n<meta property=\"og:title\" content=\"Transporte Delgado, C.A. - Servicios | Transporte de Carga\" \/>\n<meta property=\"og:description\" content=\"Les ofrecemos transporte de carga terrestre en general, sustancias peligrosas, contenedores, isotanques, alimentos.\" \/>\n<meta property=\"og:url\" content=\"https:\/\/transportedelgado.com\/sitio\/servicios\/\" \/>\n<meta property=\"og:site_name\" content=\"Transporte Delgado, C.A.\" \/>\n<meta property=\"article:publisher\" content=\"https:\/\/www.facebook.com\/transportedelgado\/\" \/>\n<meta property=\"article:modified_time\" content=\"2022-06-09T03:14:54+00:00\" \/>\n<meta name=\"twitter:card\" content=\"summary_large_image\" \/>\n<meta name=\"twitter:label1\" content=\"Tiempo estimado de lectura\" \/>\n\t<meta name=\"twitter:data1\" content=\"2 minutos\" \/>\n<script type=\"application\/ld+json\" class=\"yoast-schema-graph\">{\"@context\":\"https:\\\/\\\/schema.org\",\"@graph\":[{\"@type\":\"WebPage\",\"@id\":\"https:\\\/\\\/transportedelgado.com\\\/sitio\\\/servicios\\\/\",\"url\":\"https:\\\/\\\/transportedelgado.com\\\/sitio\\\/servicios\\\/\",\"name\":\"Transporte Delgado, C.A. - Servicios | Transporte de Carga\",\"isPartOf\":{\"@id\":\"https:\\\/\\\/transportedelgado.com\\\/sitio\\\/#website\"},\"datePublished\":\"2018-05-29T11:12:41+00:00\",\"dateModified\":\"2022-06-09T03:14:54+00:00\",\"description\":\"Les ofrecemos transporte de carga terrestre en general, sustancias peligrosas, contenedores, isotanques, alimentos.\",\"breadcrumb\":{\"@id\":\"https:\\\/\\\/transportedelgado.com\\\/sitio\\\/servicios\\\/#breadcrumb\"},\"inLanguage\":\"es\",\"potentialAction\":[{\"@type\":\"ReadAction\",\"target\":[\"https:\\\/\\\/transportedelgado.com\\\/sitio\\\/servicios\\\/\"]}]},{\"@type\":\"BreadcrumbList\",\"@id\":\"https:\\\/\\\/transportedelgado.com\\\/sitio\\\/servicios\\\/#breadcrumb\",\"itemListElement\":[{\"@type\":\"ListItem\",\"position\":1,\"name\":\"Portada\",\"item\":\"https:\\\/\\\/transportedelgado.com\\\/sitio\\\/\"},{\"@type\":\"ListItem\",\"position\":2,\"name\":\"Servicios\"}]},{\"@type\":\"WebSite\",\"@id\":\"https:\\\/\\\/transportedelgado.com\\\/sitio\\\/#website\",\"url\":\"https:\\\/\\\/transportedelgado.com\\\/sitio\\\/\",\"name\":\"Transporte Delgado, C.A.\",\"description\":\"\",\"publisher\":{\"@id\":\"https:\\\/\\\/transportedelgado.com\\\/sitio\\\/#organization\"},\"potentialAction\":[{\"@type\":\"SearchAction\",\"target\":{\"@type\":\"EntryPoint\",\"urlTemplate\":\"https:\\\/\\\/transportedelgado.com\\\/sitio\\\/?s={search_term_string}\"},\"query-input\":{\"@type\":\"PropertyValueSpecification\",\"valueRequired\":true,\"valueName\":\"search_term_string\"}}],\"inLanguage\":\"es\"},{\"@type\":\"Organization\",\"@id\":\"https:\\\/\\\/transportedelgado.com\\\/sitio\\\/#organization\",\"name\":\"Transporte Delgado, C.A.\",\"url\":\"https:\\\/\\\/transportedelgado.com\\\/sitio\\\/\",\"logo\":{\"@type\":\"ImageObject\",\"inLanguage\":\"es\",\"@id\":\"https:\\\/\\\/transportedelgado.com\\\/sitio\\\/#\\\/schema\\\/logo\\\/image\\\/\",\"url\":\"https:\\\/\\\/transportedelgado.com\\\/sitio\\\/wp-content\\\/uploads\\\/2019\\\/07\\\/logo-transporte-delgado-2-1.png\",\"contentUrl\":\"https:\\\/\\\/transportedelgado.com\\\/sitio\\\/wp-content\\\/uploads\\\/2019\\\/07\\\/logo-transporte-delgado-2-1.png\",\"width\":191,\"height\":195,\"caption\":\"Transporte Delgado, C.A.\"},\"image\":{\"@id\":\"https:\\\/\\\/transportedelgado.com\\\/sitio\\\/#\\\/schema\\\/logo\\\/image\\\/\"},\"sameAs\":[\"https:\\\/\\\/www.facebook.com\\\/transportedelgado\\\/\",\"https:\\\/\\\/www.instagram.com\\\/transportedelgado\\\/\"]}]}<\/script>\n<!-- \/ Yoast SEO plugin. -->","yoast_head_json":{"title":"Transporte Delgado, C.A. - Servicios | Transporte de Carga","description":"Les ofrecemos transporte de carga terrestre en general, sustancias peligrosas, contenedores, isotanques, alimentos.","robots":{"index":"index","follow":"follow","max-snippet":"max-snippet:-1","max-image-preview":"max-image-preview:large","max-video-preview":"max-video-preview:-1"},"canonical":"https:\/\/transportedelgado.com\/sitio\/servicios\/","og_locale":"es_ES","og_type":"article","og_title":"Transporte Delgado, C.A. - Servicios | Transporte de Carga","og_description":"Les ofrecemos transporte de carga terrestre en general, sustancias peligrosas, contenedores, isotanques, alimentos.","og_url":"https:\/\/transportedelgado.com\/sitio\/servicios\/","og_site_name":"Transporte Delgado, C.A.","article_publisher":"https:\/\/www.facebook.com\/transportedelgado\/","article_modified_time":"2022-06-09T03:14:54+00:00","twitter_card":"summary_large_image","twitter_misc":{"Tiempo estimado de lectura":"2 minutos"},"schema":{"@context":"https:\/\/schema.org","@graph":[{"@type":"WebPage","@id":"https:\/\/transportedelgado.com\/sitio\/servicios\/","url":"https:\/\/transportedelgado.com\/sitio\/servicios\/","name":"Transporte Delgado, C.A. - Servicios | Transporte de Carga","isPartOf":{"@id":"https:\/\/transportedelgado.com\/sitio\/#website"},"datePublished":"2018-05-29T11:12:41+00:00","dateModified":"2022-06-09T03:14:54+00:00","description":"Les ofrecemos transporte de carga terrestre en general, sustancias peligrosas, contenedores, isotanques, alimentos.","breadcrumb":{"@id":"https:\/\/transportedelgado.com\/sitio\/servicios\/#breadcrumb"},"inLanguage":"es","potentialAction":[{"@type":"ReadAction","target":["https:\/\/transportedelgado.com\/sitio\/servicios\/"]}]},{"@type":"BreadcrumbList","@id":"https:\/\/transportedelgado.com\/sitio\/servicios\/#breadcrumb","itemListElement":[{"@type":"ListItem","position":1,"name":"Portada","item":"https:\/\/transportedelgado.com\/sitio\/"},{"@type":"ListItem","position":2,"name":"Servicios"}]},{"@type":"WebSite","@id":"https:\/\/transportedelgado.com\/sitio\/#website","url":"https:\/\/transportedelgado.com\/sitio\/","name":"Transporte Delgado, C.A.","description":"","publisher":{"@id":"https:\/\/transportedelgado.com\/sitio\/#organization"},"potentialAction":[{"@type":"SearchAction","target":{"@type":"EntryPoint","urlTemplate":"https:\/\/transportedelgado.com\/sitio\/?s={search_term_string}"},"query-input":{"@type":"PropertyValueSpecification","valueRequired":true,"valueName":"search_term_string"}}],"inLanguage":"es"},{"@type":"Organization","@id":"https:\/\/transportedelgado.com\/sitio\/#organization","name":"Transporte Delgado, C.A.","url":"https:\/\/transportedelgado.com\/sitio\/","logo":{"@type":"ImageObject","inLanguage":"es","@id":"https:\/\/transportedelgado.com\/sitio\/#\/schema\/logo\/image\/","url":"https:\/\/transportedelgado.com\/sitio\/wp-content\/uploads\/2019\/07\/logo-transporte-delgado-2-1.png","contentUrl":"https:\/\/transportedelgado.com\/sitio\/wp-content\/uploads\/2019\/07\/logo-transporte-delgado-2-1.png","width":191,"height":195,"caption":"Transporte Delgado, C.A."},"image":{"@id":"https:\/\/transportedelgado.com\/sitio\/#\/schema\/logo\/image\/"},"sameAs":["https:\/\/www.facebook.com\/transportedelgado\/","https:\/\/www.instagram.com\/transportedelgado\/"]}]}},"_links":{"self":[{"href":"https:\/\/transportedelgado.com\/sitio\/wp-json\/wp\/v2\/pages\/882","targetHints":{"allow":["GET"]}}],"collection":[{"href":"https:\/\/transportedelgado.com\/sitio\/wp-json\/wp\/v2\/pages"}],"about":[{"href":"https:\/\/transportedelgado.com\/sitio\/wp-json\/wp\/v2\/types\/page"}],"author":[{"embeddable":true,"href":"https:\/\/transportedelgado.com\/sitio\/wp-json\/wp\/v2\/users\/3"}],"replies":[{"embeddable":true,"href":"https:\/\/transportedelgado.com\/sitio\/wp-json\/wp\/v2\/comments?post=882"}],"version-history":[{"count":49,"href":"https:\/\/transportedelgado.com\/sitio\/wp-json\/wp\/v2\/pages\/882\/revisions"}],"predecessor-version":[{"id":1720,"href":"https:\/\/transportedelgado.com\/sitio\/wp-json\/wp\/v2\/pages\/882\/revisions\/1720"}],"wp:attachment":[{"href":"https:\/\/transportedelgado.com\/sitio\/wp-json\/wp\/v2\/media?parent=882"}],"curies":[{"name":"wp","href":"https:\/\/api.w.org\/{rel}","templated":true}]}}