{"id":17,"date":"2018-05-29T11:14:04","date_gmt":"2018-05-29T11:14:04","guid":{"rendered":"http:\/\/xtratheme.com\/default\/?page_id=17"},"modified":"2023-01-05T02:53:26","modified_gmt":"2023-01-05T02:53:26","slug":"contactenos","status":"publish","type":"page","link":"https:\/\/transportedelgado.com\/sitio\/contactenos\/","title":{"rendered":"Cont\u00e1ctenos"},"content":{"rendered":"<section class=\"wpb-content-wrapper\"><p>[vc_row full_width=\u00bbstretch_row\u00bb css=\u00bb.vc_custom_1547675085250{padding-top: 60px !important;padding-bottom: 10px !important;background-color: rgba(193,193,193,0.2) !important;*background-color: rgb(193,193,193) !important;}\u00bb][vc_column offset=\u00bbvc_col-md-4&#8243;]<div id=\"cz_34672\" class=\"cz_34672 services clr style1 cz_sbi_fx_1 left\"><div class=\"service_custom\"><i class=\"fa czico-007-phone-chat-with-wifi-signal\"><\/i><\/div><div class=\"service_text\"><h3>Tel\u00e9fonos<\/h3><div class=\"cz_wpe_content\"><a href=\"tel:04122194230\"><span style=\"font-size: 16px; color: #666666;\">+58 412-219.42.30<\/span><\/a><\/div><\/div><\/div>[\/vc_column][vc_column offset=\u00bbvc_col-md-4&#8243;]<div id=\"cz_39290\" class=\"cz_39290 services clr style1 cz_sbi_fx_1 left\"><div class=\"service_custom\"><i class=\"fa czico-006-speech-bubble-with-text-lines\"><\/i><\/div><div class=\"service_text\"><h3>Correos<\/h3><div class=\"cz_wpe_content\"><span style=\"font-size: 16px; color: #666666;\">info@transportedelgado.com<br \/>\n<\/span><\/div><\/div><\/div>[\/vc_column][vc_column offset=\u00bbvc_col-md-4&#8243;]<div id=\"cz_108336\" class=\"cz_108336 services clr style1 cz_sbi_fx_1 left\"><div class=\"service_custom\"><i class=\"fa czico-082-maps-and-flags\"><\/i><\/div><div class=\"service_text\"><h3>Direcci\u00f3n<\/h3><div class=\"cz_wpe_content\"><span style=\"font-size: 16px; color: #666666;\">Urb. Terrazas de Castillito Valencia &#8211; Edo. Carabobo.\u00a0<\/span><\/div><\/div><\/div>[\/vc_column][\/vc_row][vc_row full_width=\u00bbstretch_row\u00bb][vc_column offset=\u00bbvc_col-md-6&#8243;]<div class=\"cz_gap clr \" style=\"height: 80px\"><\/div><div id=\"cz_55327\" class=\"cz_55327 cz_title clr cz_title_pos_inline\"><div class=\"cz_title_content\"><span class=\"cz_line_side_solo\">_<\/span><div class=\"cz_wpe_content\"><h3><span style=\"font-size: 36px;\">Estamos <span style=\"color: #ec1e24;\"> para servirles!<\/span><\/span><\/h3>\n<p><span style=\"color: #aaaaaa; font-size: 18px;\">Cont\u00e1ctenos<\/span><\/p>\n<\/div><\/div><\/div><div id=\"cz_73129\" class=\"cz_73129 cz_title clr cz_title_pos_inline\"><div class=\"cz_title_content\"><div class=\"cz_wpe_content\"><p><span style=\"font-size: 18px; color: #666666;\">Al terminar, nuestro equipo se contactar\u00e1 con usted a la brevedad posible. <\/span><\/p>\n<\/div><\/div><\/div><div id=\"cz_18206\" class=\"cz_18206 cz_title clr cz_title_pos_inline\"><div class=\"cz_title_content\"><div class=\"cz_wpe_content\"><p><span style=\"font-size: 18px; color: #666666;\"><span style=\"color: #666666;\"><span style=\"font-size: 18px;\"><b>\u00bfD\u00f3nde<\/b><\/span><\/span><strong style=\"color: #666666; font-size: 18px;\">\u00a0estamos?<\/strong><\/span><\/p>\n<p><span style=\"font-size: 18px; color: #666666;\">Av. el desarrollo, Nro 0 Lote C,C\/C Av. el progreso local Nro Galp\u00f3n S\/N Urb Terrazas de Castillito Valencia &#8211; Edo. Carabobo. Zona postal 2006<\/span><\/p>\n<\/div><\/div><\/div>[\/vc_column][vc_column offset=\u00bbvc_col-md-6&#8243;]<div class=\"cz_gap clr \" style=\"height: 80px\"><\/div><div id=\"cz_91006\" class=\"cz_91006 cz_cf7 clr\"><div>\n<div class=\"wpcf7 no-js\" id=\"wpcf7-f5-o1\" lang=\"es-VE\" dir=\"ltr\" data-wpcf7-id=\"5\">\n<div class=\"screen-reader-response\"><p role=\"status\" aria-live=\"polite\" aria-atomic=\"true\"><\/p> <ul><\/ul><\/div>\n<form action=\"\/sitio\/wp-json\/wp\/v2\/pages\/17#wpcf7-f5-o1\" method=\"post\" class=\"wpcf7-form init\" aria-label=\"Formulario de contacto\" novalidate=\"novalidate\" data-status=\"init\">\n<fieldset class=\"hidden-fields-container\"><input type=\"hidden\" name=\"_wpcf7\" value=\"5\" \/><input type=\"hidden\" name=\"_wpcf7_version\" value=\"6.1.5\" \/><input type=\"hidden\" name=\"_wpcf7_locale\" value=\"es_VE\" \/><input type=\"hidden\" name=\"_wpcf7_unit_tag\" value=\"wpcf7-f5-o1\" \/><input type=\"hidden\" name=\"_wpcf7_container_post\" value=\"0\" \/><input type=\"hidden\" name=\"_wpcf7_posted_data_hash\" value=\"\" \/>\n<\/fieldset>\n<p><label> Nombre<br \/>\n<span class=\"wpcf7-form-control-wrap\" data-name=\"your-name\"><input size=\"40\" maxlength=\"400\" class=\"wpcf7-form-control wpcf7-text wpcf7-validates-as-required\" aria-required=\"true\" aria-invalid=\"false\" value=\"\" type=\"text\" name=\"your-name\" \/><\/span> <\/label>\n<\/p>\n<p><label> Tel\u00e9fono<br \/>\n<span class=\"wpcf7-form-control-wrap\" data-name=\"numero\"><input size=\"40\" maxlength=\"400\" class=\"wpcf7-form-control wpcf7-tel wpcf7-validates-as-required wpcf7-text wpcf7-validates-as-tel\" aria-required=\"true\" aria-invalid=\"false\" value=\"\" type=\"tel\" name=\"numero\" \/><\/span> <\/label>\n<\/p>\n<p><label> Correo<br \/>\n<span class=\"wpcf7-form-control-wrap\" data-name=\"your-email\"><input size=\"40\" maxlength=\"400\" class=\"wpcf7-form-control wpcf7-email wpcf7-validates-as-required wpcf7-text wpcf7-validates-as-email\" aria-required=\"true\" aria-invalid=\"false\" value=\"\" type=\"email\" name=\"your-email\" \/><\/span> <\/label>\n<\/p>\n<p><label> Tipo de servicio<br \/>\n<span class=\"wpcf7-form-control-wrap\" data-name=\"menu-559\"><select class=\"wpcf7-form-control wpcf7-select wpcf7-validates-as-required\" aria-required=\"true\" aria-invalid=\"false\" name=\"menu-559\"><option value=\"Transporte de Alimentos\">Transporte de Alimentos<\/option><option value=\"Carga de sustancias qu\u00edmicas\">Carga de sustancias qu\u00edmicas<\/option><option value=\"Carga en General\">Carga en General<\/option><option value=\"Traslado de Contenedores\">Traslado de Contenedores<\/option><option value=\"Traslado de Isotanques\">Traslado de Isotanques<\/option><\/select><\/span> <\/label>\n<\/p>\n<p><label> Empresa<br \/>\n<span class=\"wpcf7-form-control-wrap\" data-name=\"your-empresa\"><input size=\"40\" maxlength=\"400\" class=\"wpcf7-form-control wpcf7-text wpcf7-validates-as-required\" aria-required=\"true\" aria-invalid=\"false\" value=\"\" type=\"text\" name=\"your-empresa\" \/><\/span> <\/label>\n<\/p>\n<p><label> Asunto<br \/>\n<span class=\"wpcf7-form-control-wrap\" data-name=\"your-subject\"><input size=\"40\" maxlength=\"400\" class=\"wpcf7-form-control wpcf7-text\" aria-invalid=\"false\" value=\"\" type=\"text\" name=\"your-subject\" \/><\/span> <\/label>\n<\/p>\n<p><label> Mensaje<br \/>\n<span class=\"wpcf7-form-control-wrap\" data-name=\"your-message\"><textarea cols=\"40\" rows=\"10\" maxlength=\"2000\" class=\"wpcf7-form-control wpcf7-textarea\" aria-invalid=\"false\" name=\"your-message\"><\/textarea><\/span> <\/label>\n<\/p>\n<div id=\"cf7sr-6a05cca66dea0\" class=\"cf7sr-g-recaptcha\" data-theme=\"light\" data-type=\"image\" data-size=\"normal\" data-sitekey=\"6LcqDeAeAAAAAAMEfpb2_1EFoR6Gd8bxaIg9J8T1\"><\/div><span class=\"wpcf7-form-control-wrap cf7sr-recaptcha\" data-name=\"cf7sr-recaptcha\"><input type=\"hidden\" name=\"cf7sr-recaptcha\" value=\"\" class=\"wpcf7-form-control\"><\/span>\n<\/p>\n<p><input class=\"wpcf7-form-control wpcf7-submit has-spinner\" type=\"submit\" value=\"Enviar\" \/>\n<\/p><div class=\"wpcf7-response-output\" aria-hidden=\"true\"><\/div>\n<\/form>\n<\/div>\n<\/div><\/div><div class=\"cz_gap clr \" style=\"height: 40px\"><\/div>[\/vc_column][\/vc_row][vc_row full_width=\u00bbstretch_row\u00bb disable_element=\u00bbyes\u00bb][vc_column offset=\u00bbvc_col-md-6&#8243;]<div class=\"cz_gap clr \" style=\"height: 80px\"><\/div><div id=\"cz_55327\" class=\"cz_55327 cz_title clr cz_title_pos_inline\"><div class=\"cz_title_content\"><span class=\"cz_line_side_solo\">_<\/span><div class=\"cz_wpe_content\"><h3><span style=\"font-size: 36px;\">Estamos <span style=\"color: #ec1e24;\"> para servirles!<\/span><\/span><\/h3>\n<p><span style=\"color: #aaaaaa; font-size: 18px;\">Cont\u00e1ctenos<\/span><\/p>\n<\/div><\/div><\/div><div id=\"cz_73129\" class=\"cz_73129 cz_title clr cz_title_pos_inline\"><div class=\"cz_title_content\"><div class=\"cz_wpe_content\"><p><span style=\"font-size: 18px; color: #666666;\">Al terminar, nuestro equipo se contactar\u00e1 con usted a la brevedad posible. <\/span><\/p>\n<\/div><\/div><\/div><div id=\"cz_30369\" class=\"cz_30369 cz_title clr cz_title_pos_inline\"><div class=\"cz_title_content\"><div class=\"cz_wpe_content\"><p><span style=\"font-size: 18px; color: #666666;\"><strong>Gerente General<\/strong><\/span><\/p>\n<p><span style=\"font-size: 18px; color: #666666;\"><strong>Coordinador de Operaciones y log\u00edstica<\/strong><\/span><\/p>\n<p><span style=\"font-size: 18px; color: #666666;\">linda.bello@transportedelgado.com<br \/>\nTel\u00e9fonos M\u00f3viles: 0412-2194230 \/ 0424-4535654<br \/>\n<\/span><\/p>\n<p><span style=\"font-size: 18px; color: #666666;\"><strong>Facturaci\u00f3n<\/strong><\/span><\/p>\n<p><span style=\"font-size: 18px; color: #666666;\">facturacion@transportedelgado.com<br \/>\nTel\u00e9fono M\u00f3vil: 0412-4436760 \/ 0424-4239897<br \/>\n<\/span><\/p>\n<\/div><\/div><\/div><div id=\"cz_18206\" class=\"cz_18206 cz_title clr cz_title_pos_inline\"><div class=\"cz_title_content\"><div class=\"cz_wpe_content\"><p><span style=\"font-size: 18px; color: #666666;\"><span style=\"color: #666666;\"><span style=\"font-size: 18px;\"><b>\u00bfD\u00f3nde<\/b><\/span><\/span><strong style=\"color: #666666; font-size: 18px;\">\u00a0estamos?<\/strong><\/span><\/p>\n<p><span style=\"font-size: 18px; color: #666666;\">Av. el desarrollo, Nro 0 Lote C,C\/C Av. el progreso local Nro Galp\u00f3n S\/N Urb Terrazas de Castillito Valencia &#8211; Edo. Carabobo. Zona postal 2006<\/span><\/p>\n<\/div><\/div><\/div>[\/vc_column][vc_column offset=\u00bbvc_col-md-6&#8243;]<div class=\"cz_gap clr \" style=\"height: 80px\"><\/div><div id=\"cz_91006\" class=\"cz_91006 cz_cf7 clr\"><div>\n<div class=\"wpcf7 no-js\" id=\"wpcf7-f5-o2\" lang=\"es-VE\" dir=\"ltr\" data-wpcf7-id=\"5\">\n<div class=\"screen-reader-response\"><p role=\"status\" aria-live=\"polite\" aria-atomic=\"true\"><\/p> <ul><\/ul><\/div>\n<form action=\"\/sitio\/wp-json\/wp\/v2\/pages\/17#wpcf7-f5-o2\" method=\"post\" class=\"wpcf7-form init\" aria-label=\"Formulario de contacto\" novalidate=\"novalidate\" data-status=\"init\">\n<fieldset class=\"hidden-fields-container\"><input type=\"hidden\" name=\"_wpcf7\" value=\"5\" \/><input type=\"hidden\" name=\"_wpcf7_version\" value=\"6.1.5\" \/><input type=\"hidden\" name=\"_wpcf7_locale\" value=\"es_VE\" \/><input type=\"hidden\" name=\"_wpcf7_unit_tag\" value=\"wpcf7-f5-o2\" \/><input type=\"hidden\" name=\"_wpcf7_container_post\" value=\"0\" \/><input type=\"hidden\" name=\"_wpcf7_posted_data_hash\" value=\"\" \/>\n<\/fieldset>\n<p><label> Nombre<br \/>\n<span class=\"wpcf7-form-control-wrap\" data-name=\"your-name\"><input size=\"40\" maxlength=\"400\" class=\"wpcf7-form-control wpcf7-text wpcf7-validates-as-required\" aria-required=\"true\" aria-invalid=\"false\" value=\"\" type=\"text\" name=\"your-name\" \/><\/span> <\/label>\n<\/p>\n<p><label> Tel\u00e9fono<br \/>\n<span class=\"wpcf7-form-control-wrap\" data-name=\"numero\"><input size=\"40\" maxlength=\"400\" class=\"wpcf7-form-control wpcf7-tel wpcf7-validates-as-required wpcf7-text wpcf7-validates-as-tel\" aria-required=\"true\" aria-invalid=\"false\" value=\"\" type=\"tel\" name=\"numero\" \/><\/span> <\/label>\n<\/p>\n<p><label> Correo<br \/>\n<span class=\"wpcf7-form-control-wrap\" data-name=\"your-email\"><input size=\"40\" maxlength=\"400\" class=\"wpcf7-form-control wpcf7-email wpcf7-validates-as-required wpcf7-text wpcf7-validates-as-email\" aria-required=\"true\" aria-invalid=\"false\" value=\"\" type=\"email\" name=\"your-email\" \/><\/span> <\/label>\n<\/p>\n<p><label> Tipo de servicio<br \/>\n<span class=\"wpcf7-form-control-wrap\" data-name=\"menu-559\"><select class=\"wpcf7-form-control wpcf7-select wpcf7-validates-as-required\" aria-required=\"true\" aria-invalid=\"false\" name=\"menu-559\"><option value=\"Transporte de Alimentos\">Transporte de Alimentos<\/option><option value=\"Carga de sustancias qu\u00edmicas\">Carga de sustancias qu\u00edmicas<\/option><option value=\"Carga en General\">Carga en General<\/option><option value=\"Traslado de Contenedores\">Traslado de Contenedores<\/option><option value=\"Traslado de Isotanques\">Traslado de Isotanques<\/option><\/select><\/span> <\/label>\n<\/p>\n<p><label> Empresa<br \/>\n<span class=\"wpcf7-form-control-wrap\" data-name=\"your-empresa\"><input size=\"40\" maxlength=\"400\" class=\"wpcf7-form-control wpcf7-text wpcf7-validates-as-required\" aria-required=\"true\" aria-invalid=\"false\" value=\"\" type=\"text\" name=\"your-empresa\" \/><\/span> <\/label>\n<\/p>\n<p><label> Asunto<br \/>\n<span class=\"wpcf7-form-control-wrap\" data-name=\"your-subject\"><input size=\"40\" maxlength=\"400\" class=\"wpcf7-form-control wpcf7-text\" aria-invalid=\"false\" value=\"\" type=\"text\" name=\"your-subject\" \/><\/span> <\/label>\n<\/p>\n<p><label> Mensaje<br \/>\n<span class=\"wpcf7-form-control-wrap\" data-name=\"your-message\"><textarea cols=\"40\" rows=\"10\" maxlength=\"2000\" class=\"wpcf7-form-control wpcf7-textarea\" aria-invalid=\"false\" name=\"your-message\"><\/textarea><\/span> <\/label>\n<\/p>\n<div id=\"cf7sr-6a05cca66fbf2\" class=\"cf7sr-g-recaptcha\" data-theme=\"light\" data-type=\"image\" data-size=\"normal\" data-sitekey=\"6LcqDeAeAAAAAAMEfpb2_1EFoR6Gd8bxaIg9J8T1\"><\/div><span class=\"wpcf7-form-control-wrap cf7sr-recaptcha\" data-name=\"cf7sr-recaptcha\"><input type=\"hidden\" name=\"cf7sr-recaptcha\" value=\"\" class=\"wpcf7-form-control\"><\/span>\n<\/p>\n<p><input class=\"wpcf7-form-control wpcf7-submit has-spinner\" type=\"submit\" value=\"Enviar\" \/>\n<\/p><div class=\"wpcf7-response-output\" aria-hidden=\"true\"><\/div>\n<\/form>\n<\/div>\n<\/div><\/div><div class=\"cz_gap clr \" style=\"height: 40px\"><\/div>[\/vc_column][\/vc_row][vc_row full_width=\u00bbstretch_row_content_no_spaces\u00bb css=\u00bb.vc_custom_1548626044480{margin-bottom: -30px !important;}\u00bb][vc_column][vc_raw_html]JTNDaWZyYW1lJTIwc3JjJTNEJTIyaHR0cHMlM0ElMkYlMkZ3d3cuZ29vZ2xlLmNvbSUyRm1hcHMlMkZkJTJGZW1iZWQlM0ZtaWQlM0QxcWV1UjVOZU43RUNRQlB3X0lHdWpLT0M5dDhJYWZqX1UlMjIlMjB3aWR0aCUzRCUyMjEwMCUyNSUyMiUyMGhlaWdodCUzRCUyMjQzMCUyMiUzRSUzQyUyRmlmcmFtZSUzRQ==[\/vc_raw_html][\/vc_column][\/vc_row][vc_row][vc_column]<div id=\"cz_13792\" class=\"cz_13792\"><div id=\"alerta\" class=\"cz_popup_modal clr cz_popup_page_loaded cz_popup_show_always\"><div class=\"cz_popup_in\"><div><div id=\"cz_47763\" class=\"cz_47763 cz_social_icons cz_social clr tac\"><a class=\"cz-exclamation-triangle\" target=\"_blank\" rel=\"noopener noreferrer\" title=\"#\" aria-label=\"#\"><i class=\"fa fa-exclamation-triangle\"><\/i><\/a><\/div><div id=\"cz_109213\" class=\"cz_109213 cz_title clr cz_title_pos_inline tac\"><div class=\"cz_title_content\"><span class=\"cz_line_side_solo\">_<\/span><div class=\"cz_wpe_content\"><h3 style=\"text-align: center;\"><span style=\"font-size: 26px;\"><span style=\"color: #ec1e24;\">\u00a1Atenci\u00f3n!<\/span><\/span><\/h3>\n<\/div><span class=\"cz_line_side_solo cz_line_side_after\">_<\/span><\/div><\/div><div class=\"cz_gap clr \" style=\"height: 20px\"><\/div><div class=\"relative\"><div id=\"cz_57539\" class=\"cz_57539 cz_line tac\"><\/div><\/div><div class=\"clr\"><\/div><div id=\"cz_77978\" class=\"cz_77978 cz_title clr cz_title_pos_inline tac\"><div class=\"cz_title_content\"><div class=\"cz_wpe_content\"><p style=\"text-align: center;\"><span style=\"color: #ec1e24; font-size: 18px;\"><strong>\u00bfQuieres ser nuestro Proveedor? <\/strong><\/span><\/p>\n<p style=\"text-align: center;\"><span style=\"font-size: 15px; color: #666666;\">Si desea ofrecernos sus productos o servicios, comun\u00edquese por el siguiente correo <strong>proveedores@transportedelgado.com <\/strong>de lo contrario sus ofertas no ser\u00e1n revisadas.<\/span><\/p>\n<\/div><\/div><\/div><div id=\"cz_45435\" class=\"cz_45435 cz_title clr cz_title_pos_inline tac\"><div class=\"cz_title_content\"><div class=\"cz_wpe_content\"><p style=\"text-align: center;\"><span style=\"color: #ec1e24; font-size: 18px;\"><strong>\u00bfQuieres ser uno de nuestros conductores?<\/strong><\/span><\/p>\n<p style=\"text-align: center;\"><span style=\"font-size: 15px; color: #666666;\">Para poder formar parte de nuestro equipo de conductores le invitamos a enviar su s\u00edntesis curricular al siguiente correo <strong>recursoshumanos@transportedelgado.com <\/strong><\/span><\/p>\n<\/div><\/div><\/div><\/div><\/div><i class=\"fa czico-198-cancel cz_close_popup\"><\/i><div class=\"cz_overlay\"><\/div><\/div><\/div>[\/vc_column][\/vc_row]<\/p>\n<\/section>","protected":false},"excerpt":{"rendered":"<p>[vc_row full_width=\u00bbstretch_row\u00bb css=\u00bb.vc_custom_1547675085250{padding-top: 60px !important;padding-bottom: 10px !important;background-color: rgba(193,193,193,0.2) !important;*background-color: rgb(193,193,193) !important;}\u00bb][vc_column &#8230; <\/p>\n","protected":false},"author":3,"featured_media":0,"parent":0,"menu_order":0,"comment_status":"closed","ping_status":"closed","template":"","meta":{"footnotes":""},"class_list":["post-17","page","type-page","status-publish","hentry"],"yoast_head":"<!-- This site is optimized with the Yoast SEO plugin v27.6 - https:\/\/yoast.com\/product\/yoast-seo-wordpress\/ -->\n<title>Transporte Delgado, C.A. - Cont\u00e1ctenos<\/title>\n<meta name=\"description\" content=\"Transporte Delgado, C.A. | Estamos para servirle, si tiene alg\u00fan tipo de duda o inter\u00e9s en cualquiera de nuestros servicios, por favor cont\u00e1ctenos.\" \/>\n<meta name=\"robots\" content=\"index, follow, max-snippet:-1, max-image-preview:large, max-video-preview:-1\" \/>\n<link rel=\"canonical\" href=\"https:\/\/transportedelgado.com\/sitio\/contactenos\/\" \/>\n<meta property=\"og:locale\" content=\"es_ES\" \/>\n<meta property=\"og:type\" content=\"article\" \/>\n<meta property=\"og:title\" content=\"Transporte Delgado, C.A. - Cont\u00e1ctenos\" \/>\n<meta property=\"og:description\" content=\"Transporte Delgado, C.A. | Estamos para servirle, si tiene alg\u00fan tipo de duda o inter\u00e9s en cualquiera de nuestros servicios, por favor cont\u00e1ctenos.\" \/>\n<meta property=\"og:url\" content=\"https:\/\/transportedelgado.com\/sitio\/contactenos\/\" \/>\n<meta property=\"og:site_name\" content=\"Transporte Delgado, C.A.\" \/>\n<meta property=\"article:publisher\" content=\"https:\/\/www.facebook.com\/transportedelgado\/\" \/>\n<meta property=\"article:modified_time\" content=\"2023-01-05T02:53:26+00:00\" \/>\n<meta name=\"twitter:card\" content=\"summary_large_image\" \/>\n<meta name=\"twitter:label1\" content=\"Tiempo estimado de lectura\" \/>\n\t<meta name=\"twitter:data1\" content=\"2 minutos\" \/>\n<script type=\"application\/ld+json\" class=\"yoast-schema-graph\">{\"@context\":\"https:\\\/\\\/schema.org\",\"@graph\":[{\"@type\":\"WebPage\",\"@id\":\"https:\\\/\\\/transportedelgado.com\\\/sitio\\\/contactenos\\\/\",\"url\":\"https:\\\/\\\/transportedelgado.com\\\/sitio\\\/contactenos\\\/\",\"name\":\"Transporte Delgado, C.A. - Cont\u00e1ctenos\",\"isPartOf\":{\"@id\":\"https:\\\/\\\/transportedelgado.com\\\/sitio\\\/#website\"},\"datePublished\":\"2018-05-29T11:14:04+00:00\",\"dateModified\":\"2023-01-05T02:53:26+00:00\",\"description\":\"Transporte Delgado, C.A. | Estamos para servirle, si tiene alg\u00fan tipo de duda o inter\u00e9s en cualquiera de nuestros servicios, por favor cont\u00e1ctenos.\",\"breadcrumb\":{\"@id\":\"https:\\\/\\\/transportedelgado.com\\\/sitio\\\/contactenos\\\/#breadcrumb\"},\"inLanguage\":\"es\",\"potentialAction\":[{\"@type\":\"ReadAction\",\"target\":[\"https:\\\/\\\/transportedelgado.com\\\/sitio\\\/contactenos\\\/\"]}]},{\"@type\":\"BreadcrumbList\",\"@id\":\"https:\\\/\\\/transportedelgado.com\\\/sitio\\\/contactenos\\\/#breadcrumb\",\"itemListElement\":[{\"@type\":\"ListItem\",\"position\":1,\"name\":\"Portada\",\"item\":\"https:\\\/\\\/transportedelgado.com\\\/sitio\\\/\"},{\"@type\":\"ListItem\",\"position\":2,\"name\":\"Cont\u00e1ctenos\"}]},{\"@type\":\"WebSite\",\"@id\":\"https:\\\/\\\/transportedelgado.com\\\/sitio\\\/#website\",\"url\":\"https:\\\/\\\/transportedelgado.com\\\/sitio\\\/\",\"name\":\"Transporte Delgado, C.A.\",\"description\":\"\",\"publisher\":{\"@id\":\"https:\\\/\\\/transportedelgado.com\\\/sitio\\\/#organization\"},\"potentialAction\":[{\"@type\":\"SearchAction\",\"target\":{\"@type\":\"EntryPoint\",\"urlTemplate\":\"https:\\\/\\\/transportedelgado.com\\\/sitio\\\/?s={search_term_string}\"},\"query-input\":{\"@type\":\"PropertyValueSpecification\",\"valueRequired\":true,\"valueName\":\"search_term_string\"}}],\"inLanguage\":\"es\"},{\"@type\":\"Organization\",\"@id\":\"https:\\\/\\\/transportedelgado.com\\\/sitio\\\/#organization\",\"name\":\"Transporte Delgado, C.A.\",\"url\":\"https:\\\/\\\/transportedelgado.com\\\/sitio\\\/\",\"logo\":{\"@type\":\"ImageObject\",\"inLanguage\":\"es\",\"@id\":\"https:\\\/\\\/transportedelgado.com\\\/sitio\\\/#\\\/schema\\\/logo\\\/image\\\/\",\"url\":\"https:\\\/\\\/transportedelgado.com\\\/sitio\\\/wp-content\\\/uploads\\\/2019\\\/07\\\/logo-transporte-delgado-2-1.png\",\"contentUrl\":\"https:\\\/\\\/transportedelgado.com\\\/sitio\\\/wp-content\\\/uploads\\\/2019\\\/07\\\/logo-transporte-delgado-2-1.png\",\"width\":191,\"height\":195,\"caption\":\"Transporte Delgado, C.A.\"},\"image\":{\"@id\":\"https:\\\/\\\/transportedelgado.com\\\/sitio\\\/#\\\/schema\\\/logo\\\/image\\\/\"},\"sameAs\":[\"https:\\\/\\\/www.facebook.com\\\/transportedelgado\\\/\",\"https:\\\/\\\/www.instagram.com\\\/transportedelgado\\\/\"]}]}<\/script>\n<!-- \/ Yoast SEO plugin. -->","yoast_head_json":{"title":"Transporte Delgado, C.A. - Cont\u00e1ctenos","description":"Transporte Delgado, C.A. | Estamos para servirle, si tiene alg\u00fan tipo de duda o inter\u00e9s en cualquiera de nuestros servicios, por favor cont\u00e1ctenos.","robots":{"index":"index","follow":"follow","max-snippet":"max-snippet:-1","max-image-preview":"max-image-preview:large","max-video-preview":"max-video-preview:-1"},"canonical":"https:\/\/transportedelgado.com\/sitio\/contactenos\/","og_locale":"es_ES","og_type":"article","og_title":"Transporte Delgado, C.A. - Cont\u00e1ctenos","og_description":"Transporte Delgado, C.A. | Estamos para servirle, si tiene alg\u00fan tipo de duda o inter\u00e9s en cualquiera de nuestros servicios, por favor cont\u00e1ctenos.","og_url":"https:\/\/transportedelgado.com\/sitio\/contactenos\/","og_site_name":"Transporte Delgado, C.A.","article_publisher":"https:\/\/www.facebook.com\/transportedelgado\/","article_modified_time":"2023-01-05T02:53:26+00:00","twitter_card":"summary_large_image","twitter_misc":{"Tiempo estimado de lectura":"2 minutos"},"schema":{"@context":"https:\/\/schema.org","@graph":[{"@type":"WebPage","@id":"https:\/\/transportedelgado.com\/sitio\/contactenos\/","url":"https:\/\/transportedelgado.com\/sitio\/contactenos\/","name":"Transporte Delgado, C.A. - Cont\u00e1ctenos","isPartOf":{"@id":"https:\/\/transportedelgado.com\/sitio\/#website"},"datePublished":"2018-05-29T11:14:04+00:00","dateModified":"2023-01-05T02:53:26+00:00","description":"Transporte Delgado, C.A. | Estamos para servirle, si tiene alg\u00fan tipo de duda o inter\u00e9s en cualquiera de nuestros servicios, por favor cont\u00e1ctenos.","breadcrumb":{"@id":"https:\/\/transportedelgado.com\/sitio\/contactenos\/#breadcrumb"},"inLanguage":"es","potentialAction":[{"@type":"ReadAction","target":["https:\/\/transportedelgado.com\/sitio\/contactenos\/"]}]},{"@type":"BreadcrumbList","@id":"https:\/\/transportedelgado.com\/sitio\/contactenos\/#breadcrumb","itemListElement":[{"@type":"ListItem","position":1,"name":"Portada","item":"https:\/\/transportedelgado.com\/sitio\/"},{"@type":"ListItem","position":2,"name":"Cont\u00e1ctenos"}]},{"@type":"WebSite","@id":"https:\/\/transportedelgado.com\/sitio\/#website","url":"https:\/\/transportedelgado.com\/sitio\/","name":"Transporte Delgado, C.A.","description":"","publisher":{"@id":"https:\/\/transportedelgado.com\/sitio\/#organization"},"potentialAction":[{"@type":"SearchAction","target":{"@type":"EntryPoint","urlTemplate":"https:\/\/transportedelgado.com\/sitio\/?s={search_term_string}"},"query-input":{"@type":"PropertyValueSpecification","valueRequired":true,"valueName":"search_term_string"}}],"inLanguage":"es"},{"@type":"Organization","@id":"https:\/\/transportedelgado.com\/sitio\/#organization","name":"Transporte Delgado, C.A.","url":"https:\/\/transportedelgado.com\/sitio\/","logo":{"@type":"ImageObject","inLanguage":"es","@id":"https:\/\/transportedelgado.com\/sitio\/#\/schema\/logo\/image\/","url":"https:\/\/transportedelgado.com\/sitio\/wp-content\/uploads\/2019\/07\/logo-transporte-delgado-2-1.png","contentUrl":"https:\/\/transportedelgado.com\/sitio\/wp-content\/uploads\/2019\/07\/logo-transporte-delgado-2-1.png","width":191,"height":195,"caption":"Transporte Delgado, C.A."},"image":{"@id":"https:\/\/transportedelgado.com\/sitio\/#\/schema\/logo\/image\/"},"sameAs":["https:\/\/www.facebook.com\/transportedelgado\/","https:\/\/www.instagram.com\/transportedelgado\/"]}]}},"_links":{"self":[{"href":"https:\/\/transportedelgado.com\/sitio\/wp-json\/wp\/v2\/pages\/17","targetHints":{"allow":["GET"]}}],"collection":[{"href":"https:\/\/transportedelgado.com\/sitio\/wp-json\/wp\/v2\/pages"}],"about":[{"href":"https:\/\/transportedelgado.com\/sitio\/wp-json\/wp\/v2\/types\/page"}],"author":[{"embeddable":true,"href":"https:\/\/transportedelgado.com\/sitio\/wp-json\/wp\/v2\/users\/3"}],"replies":[{"embeddable":true,"href":"https:\/\/transportedelgado.com\/sitio\/wp-json\/wp\/v2\/comments?post=17"}],"version-history":[{"count":55,"href":"https:\/\/transportedelgado.com\/sitio\/wp-json\/wp\/v2\/pages\/17\/revisions"}],"predecessor-version":[{"id":1856,"href":"https:\/\/transportedelgado.com\/sitio\/wp-json\/wp\/v2\/pages\/17\/revisions\/1856"}],"wp:attachment":[{"href":"https:\/\/transportedelgado.com\/sitio\/wp-json\/wp\/v2\/media?parent=17"}],"curies":[{"name":"wp","href":"https:\/\/api.w.org\/{rel}","templated":true}]}}