{"id":14,"date":"2018-05-29T11:13:24","date_gmt":"2018-05-29T11:13:24","guid":{"rendered":"http:\/\/xtratheme.com\/default\/?page_id=14"},"modified":"2022-03-15T05:47:14","modified_gmt":"2022-03-15T05:47:14","slug":"preguntas-frecuentes","status":"publish","type":"page","link":"https:\/\/transportedelgado.com\/sitio\/preguntas-frecuentes\/","title":{"rendered":"Preguntas frecuentes"},"content":{"rendered":"<section class=\"wpb-content-wrapper\"><p>[vc_row css=\u00bb.vc_custom_1497126171788{background-position: center !important;background-repeat: no-repeat !important;background-size: cover !important;}\u00bb][vc_column offset=\u00bbvc_col-lg-4&#8243; css=\u00bb.vc_custom_1531391399212{padding-right: 20px !important;padding-left: 20px !important;}\u00bb]<div id=\"cz_58997\" class=\"cz_58997 cz_image clr cz_image_no_fx center_on_mobile\"><div class=\"\" ><div class=\"cz_image_in\"><div class=\"cz_main_image\"><img loading=\"lazy\" decoding=\"async\" width=\"360\" height=\"443\" src=\"https:\/\/transportedelgado.com\/sitio\/wp-content\/uploads\/2019\/02\/preguntas-frecuentes-transporte-delgado.jpg\" class=\"attachment-full\" alt=\"preguntas frecuentes\" title=\"preguntas-frecuentes-transporte-delgado\" srcset=\"https:\/\/transportedelgado.com\/sitio\/wp-content\/uploads\/2019\/02\/preguntas-frecuentes-transporte-delgado.jpg 360w, https:\/\/transportedelgado.com\/sitio\/wp-content\/uploads\/2019\/02\/preguntas-frecuentes-transporte-delgado-244x300.jpg 244w\" sizes=\"auto, (max-width: 360px) 100vw, 360px\" \/><\/div><\/div><\/div><\/div><div class=\"cz_gap clr \" style=\"height: 60px\"><\/div><div id=\"cz_36436\" class=\"cz_36436 cz_title clr cz_title_has_icon cz_title_pos_inline\"><div class=\"cz_title_content\"><i class=\"cz_title_icon_before fa czico-006-speech-bubble-with-text-lines\"><\/i><div class=\"cz_wpe_content\"><h4>Preg\u00fantanos<\/h4>\n<p><span style=\"color: #666666;\">Formulario de contacto r\u00e1pido<\/span><\/p>\n<\/div><\/div><\/div><div id=\"cz_100251\" class=\"cz_100251 cz_cf7 clr\"><div>\n<div class=\"wpcf7 no-js\" id=\"wpcf7-f124-o1\" lang=\"en-US\" dir=\"ltr\" data-wpcf7-id=\"124\">\n<div class=\"screen-reader-response\"><p role=\"status\" aria-live=\"polite\" aria-atomic=\"true\"><\/p> <ul><\/ul><\/div>\n<form action=\"\/sitio\/wp-json\/wp\/v2\/pages\/14#wpcf7-f124-o1\" method=\"post\" class=\"wpcf7-form init\" aria-label=\"Contact form\" novalidate=\"novalidate\" data-status=\"init\">\n<fieldset class=\"hidden-fields-container\"><input type=\"hidden\" name=\"_wpcf7\" value=\"124\" \/><input type=\"hidden\" name=\"_wpcf7_version\" value=\"6.1.5\" \/><input type=\"hidden\" name=\"_wpcf7_locale\" value=\"en_US\" \/><input type=\"hidden\" name=\"_wpcf7_unit_tag\" value=\"wpcf7-f124-o1\" \/><input type=\"hidden\" name=\"_wpcf7_container_post\" value=\"0\" \/><input type=\"hidden\" name=\"_wpcf7_posted_data_hash\" value=\"\" \/>\n<\/fieldset>\n<p><span class=\"wpcf7-form-control-wrap\" data-name=\"your-name\"><input size=\"40\" maxlength=\"400\" class=\"wpcf7-form-control wpcf7-text wpcf7-validates-as-required\" aria-required=\"true\" aria-invalid=\"false\" placeholder=\"Su nombre\" value=\"\" type=\"text\" name=\"your-name\" \/><\/span>\n<\/p>\n<p><span class=\"wpcf7-form-control-wrap\" data-name=\"tel-386\"><input size=\"40\" maxlength=\"400\" class=\"wpcf7-form-control wpcf7-tel wpcf7-validates-as-required wpcf7-text wpcf7-validates-as-tel\" aria-required=\"true\" aria-invalid=\"false\" placeholder=\"Su n\u00famero telef\u00f3nico\" value=\"\" type=\"tel\" name=\"tel-386\" \/><\/span>\n<\/p>\n<p><span class=\"wpcf7-form-control-wrap\" data-name=\"email\"><input size=\"40\" maxlength=\"400\" class=\"wpcf7-form-control wpcf7-email wpcf7-validates-as-required wpcf7-text wpcf7-validates-as-email\" aria-required=\"true\" aria-invalid=\"false\" placeholder=\"Su correo\" value=\"\" type=\"email\" name=\"email\" \/><\/span>\n<\/p>\n<p><span class=\"wpcf7-form-control-wrap\" data-name=\"your-message\"><textarea cols=\"40\" rows=\"10\" maxlength=\"2000\" class=\"wpcf7-form-control wpcf7-textarea\" aria-invalid=\"false\" placeholder=\"Su mensaje\" name=\"your-message\"><\/textarea><\/span>\n<\/p>\n<div id=\"cf7sr-6a05cf58cb58e\" class=\"cf7sr-g-recaptcha\" data-theme=\"light\" data-type=\"image\" data-size=\"normal\" data-sitekey=\"6LcqDeAeAAAAAAMEfpb2_1EFoR6Gd8bxaIg9J8T1\"><\/div><span class=\"wpcf7-form-control-wrap cf7sr-recaptcha\" data-name=\"cf7sr-recaptcha\"><input type=\"hidden\" name=\"cf7sr-recaptcha\" value=\"\" class=\"wpcf7-form-control\"><\/span>\n<\/p>\n<p><input class=\"wpcf7-form-control wpcf7-submit has-spinner\" type=\"submit\" value=\"Enviar mensaje\" \/>\n<\/p><div class=\"wpcf7-response-output\" aria-hidden=\"true\"><\/div>\n<\/form>\n<\/div>\n<\/div><\/div>[\/vc_column][vc_column offset=\u00bbvc_col-lg-8&#8243; css=\u00bb.vc_custom_1516136899580{padding-right: 20px !important;}\u00bb]<div id=\"cz_45092\" class=\"cz_45092 cz_title clr cz_title_pos_inline\"><div class=\"cz_title_content\"><span class=\"cz_line_side_solo\">_<\/span><div class=\"cz_wpe_content\"><h3><span style=\"font-size: 36px;\">\u00bfTiene usted <span style=\"color: #ec1e24;\">alguna pregunta?<\/span><\/span><\/h3>\n<p><span style=\"font-size: 18px; color: #aaaaaa;\">Si\u00e9ntete libre de contactarnos<\/span><\/p>\n<\/div><\/div><\/div><div class=\"cz_gap clr \" style=\"height: 40px\"><\/div>[vc_column_text]<span style=\"font-size: 18px; color: #666666;\">Por favor, lea las preguntas a continuaci\u00f3n y, si no puede encontrar su respuesta, env\u00edenos su pregunta, le responderemos lo antes posible.<\/span>[\/vc_column_text]<div class=\"cz_gap clr \" style=\"height: 30px\"><\/div><div id=\"cz_50073\" class=\"cz_50073 cz_title clr cz_title_has_icon cz_title_pos_inline\"><div class=\"cz_title_content\"><i class=\"cz_title_icon_before fa fa-question\"><\/i><div class=\"cz_wpe_content\"><h4>Preguntas frecuentes<\/h4>\n<p><span style=\"color: #666666;\">A continuaci\u00f3n algunas respuestas.<\/span><\/p>\n<\/div><\/div><\/div><div id=\"cz_57114\" data-arrows='{\"open\":\"fa fa-angle-down\",\"close\":\"fa fa-angle-up\"}' class=\"cz_57114 cz_acc clr cz_acc_toggle cz_acc_first_open\"><div><div id=\"cz_36677\"><span class=\"cz_acc_child\"><i class=\"cz-acc-i cz-acc-icon fa fa-bookmark-o\"><\/i><div>\u00bfD\u00f3nde se encuentra ubicada la empresa de Transporte Delgado?<\/div><\/span><div class=\"cz_acc_child_content clr\">[vc_column_text]La empresa de Transporte Delgado se encuentra en Venezuela, en la ciudad de Valencia; Estado Carabobo. [\/vc_column_text]<\/div><\/div><div id=\"cz_70185\"><span class=\"cz_acc_child\"><div>\u00bfQu\u00e9 variables se tienen en cuenta en su sistema de facturaci\u00f3n y cotizaci\u00f3n?<\/div><\/span><div class=\"cz_acc_child_content clr\">[vc_column_text]Las variables se tienen en cuenta en base a peso, distancia, tiempo y dificultad. [\/vc_column_text]<\/div><\/div><div id=\"cz_92297\"><span class=\"cz_acc_child\"><div>\u00bfEl transporte asegura la mercanc\u00eda?<\/div><\/span><div class=\"cz_acc_child_content clr\">[vc_column_text]Toda mercanc\u00eda transportada debe ir asegurada por el Cliente. [\/vc_column_text]<\/div><\/div><div id=\"cz_62245\"><span class=\"cz_acc_child\"><div>\u00bfEl servicio de cargue y descargue est\u00e1 incluido?<\/div><\/span><div class=\"cz_acc_child_content clr\">[vc_column_text]El servicio de cargue y descargue corre por cuenta del Cliente. Si el cliente desea que le sea asignado por el transporte, el servicio se cobra como gasto adicional. [\/vc_column_text]<\/div><\/div><div id=\"cz_31807\"><span class=\"cz_acc_child\"><div>\u00bfEl servicio de transporte es puerta a puerta?<\/div><\/span><div class=\"cz_acc_child_content clr\">[vc_column_text]Cargamos y descargamos en lugares asequibles a nuestros veh\u00edculos y\/o en las instalaciones de nuestros clientes[\/vc_column_text]<\/div><\/div><div id=\"cz_30414\"><span class=\"cz_acc_child\"><div>\u00bfQu\u00e9 tecnolog\u00eda o modo de vigilancia poseen las unidades que prestan el servicio?<\/div><\/span><div class=\"cz_acc_child_content clr\">[vc_column_text]Los camiones y gandolas se vigilan con un sistema satelital (GPS) y control personalizado.[\/vc_column_text]<\/div><\/div><div id=\"cz_92297\"><span class=\"cz_acc_child\"><div>\u00bfAceptan moneda extranjera?<\/div><\/span><div class=\"cz_acc_child_content clr\">[vc_column_text]Bajo previo acuerdo. [\/vc_column_text]<\/div><\/div><div id=\"cz_62245\"><span class=\"cz_acc_child\"><div>\u00bfCu\u00e1l es el proceso de pago una vez que se presta el servicio de una ruta establecida?<\/div><\/span><div class=\"cz_acc_child_content clr\">[vc_column_text]Los pagos son de contado; al momento de recibir los documentos originales del servicio ejecutado.[\/vc_column_text]<\/div><\/div><div id=\"cz_31807\"><span class=\"cz_acc_child\"><div>\u00bfEs posible pagar por Internet a trav\u00e9s de la p\u00e1gina web?<\/div><\/span><div class=\"cz_acc_child_content clr\">[vc_column_text]Bajo previo acuerdo.[\/vc_column_text]<\/div><\/div><div id=\"cz_31807\"><span class=\"cz_acc_child\"><div>\u00bfQu\u00e9 documentaci\u00f3n se necesita para trabajar e involucrarse con Transporte Delgado como afiliado?<\/div><\/span><div class=\"cz_acc_child_content clr\">[vc_column_text]Enviar a nuestras oficinas:<\/p>\n<ul>\n<li>Copia del Certificado de Registro del veh\u00edculo (T\u00edtulo de Propiedad).<\/li>\n<li>Copia del seguro o p\u00f3liza vigente del veh\u00edculo y batea (remolque).<\/li>\n<li>Copia de los documentos de los conductores.<\/li>\n<li>Referencia personal y comercial<\/li>\n<li>Contar con sistema de vigilancia satelital (GPS)<\/li>\n<li>Una vez verificada la informaci\u00f3n el transportista o due\u00f1o de veh\u00edculo se convierte en nuestro Afiliado.<\/li>\n<\/ul>\n<p>[\/vc_column_text]<\/div><\/div><\/div><\/div>[\/vc_column][\/vc_row][vc_row][vc_column]<div class=\"cz_gap clr \" style=\"height: 100px\"><\/div>[\/vc_column][\/vc_row]<\/p>\n<\/section>","protected":false},"excerpt":{"rendered":"<p>[vc_row css=\u00bb.vc_custom_1497126171788{background-position: center !important;background-repeat: no-repeat !important;background-size: cover !important;}\u00bb][vc_column offset=\u00bbvc_col-lg-4&#8243; css=\u00bb.vc_custom_1531391399212{padding-right: 20px &#8230; <\/p>\n","protected":false},"author":3,"featured_media":0,"parent":0,"menu_order":0,"comment_status":"closed","ping_status":"closed","template":"","meta":{"footnotes":""},"class_list":["post-14","page","type-page","status-publish","hentry"],"yoast_head":"<!-- This site is optimized with the Yoast SEO plugin v27.6 - https:\/\/yoast.com\/product\/yoast-seo-wordpress\/ -->\n<title>Transporte Delgado, C.A. - Preguntas frecuentes | \u00a1Aclare sus dudas!<\/title>\n<meta name=\"description\" content=\"Transporte Delgado, C.A. | Lea las preguntas a continuaci\u00f3n y, si no puede encontrar su respuesta, env\u00edenos su pregunta, le responderemos lo antes posible.\" \/>\n<meta name=\"robots\" content=\"index, follow, max-snippet:-1, max-image-preview:large, max-video-preview:-1\" \/>\n<link rel=\"canonical\" href=\"https:\/\/transportedelgado.com\/sitio\/preguntas-frecuentes\/\" \/>\n<meta property=\"og:locale\" content=\"es_ES\" \/>\n<meta property=\"og:type\" content=\"article\" \/>\n<meta property=\"og:title\" content=\"Transporte Delgado, C.A. - Preguntas frecuentes | \u00a1Aclare sus dudas!\" \/>\n<meta property=\"og:description\" content=\"Transporte Delgado, C.A. | Lea las preguntas a continuaci\u00f3n y, si no puede encontrar su respuesta, env\u00edenos su pregunta, le responderemos lo antes posible.\" \/>\n<meta property=\"og:url\" content=\"https:\/\/transportedelgado.com\/sitio\/preguntas-frecuentes\/\" \/>\n<meta property=\"og:site_name\" content=\"Transporte Delgado, C.A.\" \/>\n<meta property=\"article:publisher\" content=\"https:\/\/www.facebook.com\/transportedelgado\/\" \/>\n<meta property=\"article:modified_time\" content=\"2022-03-15T05:47:14+00:00\" \/>\n<meta name=\"twitter:card\" content=\"summary_large_image\" \/>\n<meta name=\"twitter:label1\" content=\"Tiempo estimado de lectura\" \/>\n\t<meta name=\"twitter:data1\" content=\"2 minutos\" \/>\n<script type=\"application\/ld+json\" class=\"yoast-schema-graph\">{\"@context\":\"https:\\\/\\\/schema.org\",\"@graph\":[{\"@type\":\"WebPage\",\"@id\":\"https:\\\/\\\/transportedelgado.com\\\/sitio\\\/preguntas-frecuentes\\\/\",\"url\":\"https:\\\/\\\/transportedelgado.com\\\/sitio\\\/preguntas-frecuentes\\\/\",\"name\":\"Transporte Delgado, C.A. - Preguntas frecuentes | \u00a1Aclare sus dudas!\",\"isPartOf\":{\"@id\":\"https:\\\/\\\/transportedelgado.com\\\/sitio\\\/#website\"},\"datePublished\":\"2018-05-29T11:13:24+00:00\",\"dateModified\":\"2022-03-15T05:47:14+00:00\",\"description\":\"Transporte Delgado, C.A. | Lea las preguntas a continuaci\u00f3n y, si no puede encontrar su respuesta, env\u00edenos su pregunta, le responderemos lo antes posible.\",\"breadcrumb\":{\"@id\":\"https:\\\/\\\/transportedelgado.com\\\/sitio\\\/preguntas-frecuentes\\\/#breadcrumb\"},\"inLanguage\":\"es\",\"potentialAction\":[{\"@type\":\"ReadAction\",\"target\":[\"https:\\\/\\\/transportedelgado.com\\\/sitio\\\/preguntas-frecuentes\\\/\"]}]},{\"@type\":\"BreadcrumbList\",\"@id\":\"https:\\\/\\\/transportedelgado.com\\\/sitio\\\/preguntas-frecuentes\\\/#breadcrumb\",\"itemListElement\":[{\"@type\":\"ListItem\",\"position\":1,\"name\":\"Portada\",\"item\":\"https:\\\/\\\/transportedelgado.com\\\/sitio\\\/\"},{\"@type\":\"ListItem\",\"position\":2,\"name\":\"Preguntas frecuentes\"}]},{\"@type\":\"WebSite\",\"@id\":\"https:\\\/\\\/transportedelgado.com\\\/sitio\\\/#website\",\"url\":\"https:\\\/\\\/transportedelgado.com\\\/sitio\\\/\",\"name\":\"Transporte Delgado, C.A.\",\"description\":\"\",\"publisher\":{\"@id\":\"https:\\\/\\\/transportedelgado.com\\\/sitio\\\/#organization\"},\"potentialAction\":[{\"@type\":\"SearchAction\",\"target\":{\"@type\":\"EntryPoint\",\"urlTemplate\":\"https:\\\/\\\/transportedelgado.com\\\/sitio\\\/?s={search_term_string}\"},\"query-input\":{\"@type\":\"PropertyValueSpecification\",\"valueRequired\":true,\"valueName\":\"search_term_string\"}}],\"inLanguage\":\"es\"},{\"@type\":\"Organization\",\"@id\":\"https:\\\/\\\/transportedelgado.com\\\/sitio\\\/#organization\",\"name\":\"Transporte Delgado, C.A.\",\"url\":\"https:\\\/\\\/transportedelgado.com\\\/sitio\\\/\",\"logo\":{\"@type\":\"ImageObject\",\"inLanguage\":\"es\",\"@id\":\"https:\\\/\\\/transportedelgado.com\\\/sitio\\\/#\\\/schema\\\/logo\\\/image\\\/\",\"url\":\"https:\\\/\\\/transportedelgado.com\\\/sitio\\\/wp-content\\\/uploads\\\/2019\\\/07\\\/logo-transporte-delgado-2-1.png\",\"contentUrl\":\"https:\\\/\\\/transportedelgado.com\\\/sitio\\\/wp-content\\\/uploads\\\/2019\\\/07\\\/logo-transporte-delgado-2-1.png\",\"width\":191,\"height\":195,\"caption\":\"Transporte Delgado, C.A.\"},\"image\":{\"@id\":\"https:\\\/\\\/transportedelgado.com\\\/sitio\\\/#\\\/schema\\\/logo\\\/image\\\/\"},\"sameAs\":[\"https:\\\/\\\/www.facebook.com\\\/transportedelgado\\\/\",\"https:\\\/\\\/www.instagram.com\\\/transportedelgado\\\/\"]}]}<\/script>\n<!-- \/ Yoast SEO plugin. -->","yoast_head_json":{"title":"Transporte Delgado, C.A. - Preguntas frecuentes | \u00a1Aclare sus dudas!","description":"Transporte Delgado, C.A. | Lea las preguntas a continuaci\u00f3n y, si no puede encontrar su respuesta, env\u00edenos su pregunta, le responderemos lo antes posible.","robots":{"index":"index","follow":"follow","max-snippet":"max-snippet:-1","max-image-preview":"max-image-preview:large","max-video-preview":"max-video-preview:-1"},"canonical":"https:\/\/transportedelgado.com\/sitio\/preguntas-frecuentes\/","og_locale":"es_ES","og_type":"article","og_title":"Transporte Delgado, C.A. - Preguntas frecuentes | \u00a1Aclare sus dudas!","og_description":"Transporte Delgado, C.A. | Lea las preguntas a continuaci\u00f3n y, si no puede encontrar su respuesta, env\u00edenos su pregunta, le responderemos lo antes posible.","og_url":"https:\/\/transportedelgado.com\/sitio\/preguntas-frecuentes\/","og_site_name":"Transporte Delgado, C.A.","article_publisher":"https:\/\/www.facebook.com\/transportedelgado\/","article_modified_time":"2022-03-15T05:47:14+00:00","twitter_card":"summary_large_image","twitter_misc":{"Tiempo estimado de lectura":"2 minutos"},"schema":{"@context":"https:\/\/schema.org","@graph":[{"@type":"WebPage","@id":"https:\/\/transportedelgado.com\/sitio\/preguntas-frecuentes\/","url":"https:\/\/transportedelgado.com\/sitio\/preguntas-frecuentes\/","name":"Transporte Delgado, C.A. - Preguntas frecuentes | \u00a1Aclare sus dudas!","isPartOf":{"@id":"https:\/\/transportedelgado.com\/sitio\/#website"},"datePublished":"2018-05-29T11:13:24+00:00","dateModified":"2022-03-15T05:47:14+00:00","description":"Transporte Delgado, C.A. | Lea las preguntas a continuaci\u00f3n y, si no puede encontrar su respuesta, env\u00edenos su pregunta, le responderemos lo antes posible.","breadcrumb":{"@id":"https:\/\/transportedelgado.com\/sitio\/preguntas-frecuentes\/#breadcrumb"},"inLanguage":"es","potentialAction":[{"@type":"ReadAction","target":["https:\/\/transportedelgado.com\/sitio\/preguntas-frecuentes\/"]}]},{"@type":"BreadcrumbList","@id":"https:\/\/transportedelgado.com\/sitio\/preguntas-frecuentes\/#breadcrumb","itemListElement":[{"@type":"ListItem","position":1,"name":"Portada","item":"https:\/\/transportedelgado.com\/sitio\/"},{"@type":"ListItem","position":2,"name":"Preguntas frecuentes"}]},{"@type":"WebSite","@id":"https:\/\/transportedelgado.com\/sitio\/#website","url":"https:\/\/transportedelgado.com\/sitio\/","name":"Transporte Delgado, C.A.","description":"","publisher":{"@id":"https:\/\/transportedelgado.com\/sitio\/#organization"},"potentialAction":[{"@type":"SearchAction","target":{"@type":"EntryPoint","urlTemplate":"https:\/\/transportedelgado.com\/sitio\/?s={search_term_string}"},"query-input":{"@type":"PropertyValueSpecification","valueRequired":true,"valueName":"search_term_string"}}],"inLanguage":"es"},{"@type":"Organization","@id":"https:\/\/transportedelgado.com\/sitio\/#organization","name":"Transporte Delgado, C.A.","url":"https:\/\/transportedelgado.com\/sitio\/","logo":{"@type":"ImageObject","inLanguage":"es","@id":"https:\/\/transportedelgado.com\/sitio\/#\/schema\/logo\/image\/","url":"https:\/\/transportedelgado.com\/sitio\/wp-content\/uploads\/2019\/07\/logo-transporte-delgado-2-1.png","contentUrl":"https:\/\/transportedelgado.com\/sitio\/wp-content\/uploads\/2019\/07\/logo-transporte-delgado-2-1.png","width":191,"height":195,"caption":"Transporte Delgado, C.A."},"image":{"@id":"https:\/\/transportedelgado.com\/sitio\/#\/schema\/logo\/image\/"},"sameAs":["https:\/\/www.facebook.com\/transportedelgado\/","https:\/\/www.instagram.com\/transportedelgado\/"]}]}},"_links":{"self":[{"href":"https:\/\/transportedelgado.com\/sitio\/wp-json\/wp\/v2\/pages\/14","targetHints":{"allow":["GET"]}}],"collection":[{"href":"https:\/\/transportedelgado.com\/sitio\/wp-json\/wp\/v2\/pages"}],"about":[{"href":"https:\/\/transportedelgado.com\/sitio\/wp-json\/wp\/v2\/types\/page"}],"author":[{"embeddable":true,"href":"https:\/\/transportedelgado.com\/sitio\/wp-json\/wp\/v2\/users\/3"}],"replies":[{"embeddable":true,"href":"https:\/\/transportedelgado.com\/sitio\/wp-json\/wp\/v2\/comments?post=14"}],"version-history":[{"count":6,"href":"https:\/\/transportedelgado.com\/sitio\/wp-json\/wp\/v2\/pages\/14\/revisions"}],"predecessor-version":[{"id":1781,"href":"https:\/\/transportedelgado.com\/sitio\/wp-json\/wp\/v2\/pages\/14\/revisions\/1781"}],"wp:attachment":[{"href":"https:\/\/transportedelgado.com\/sitio\/wp-json\/wp\/v2\/media?parent=14"}],"curies":[{"name":"wp","href":"https:\/\/api.w.org\/{rel}","templated":true}]}}